{"id":1421,"date":"2023-03-22T10:12:16","date_gmt":"2023-03-22T09:12:16","guid":{"rendered":"https:\/\/albrechtice.lasound.cz\/?page_id=1421"},"modified":"2023-03-26T20:46:36","modified_gmt":"2023-03-26T18:46:36","slug":"statisticke-udaje","status":"publish","type":"page","link":"https:\/\/ou-albrechtice.cz\/wp\/about-us\/statisticke-udaje\/","title":{"rendered":"Statistick\u00e9 \u00fadaje"},"content":{"rendered":"\n<p><strong>rok 2022<\/strong><\/p>\n\n\n\n<div class=\"wp-block-columns is-layout-flex wp-container-core-columns-is-layout-9d6595d7 wp-block-columns-is-layout-flex\">\n<div class=\"wp-block-column is-layout-flow wp-block-column-is-layout-flow\">\n<p><strong>ZUJ<\/strong>: 547981<br><strong>Po\u010det obyvatel:<\/strong>&nbsp;432<br><strong>z toho mu\u017e<\/strong>i: 211 a&nbsp;<strong>\u017eeny<\/strong>: 221<br><strong>Pr\u016fm\u011brn\u00fd v\u011bk<\/strong>: 43,6<\/p>\n<\/div>\n\n\n\n<div class=\"wp-block-column is-layout-flow wp-block-column-is-layout-flow\">\n<p><strong>Po\u010det dom\u016f<\/strong>: 122<br><strong>Rozloha<\/strong>: 1007 ha<br><strong>Poloha<\/strong>: 49\u00b055\u00b4 N \/ 16\u00b038\u00b4 E<br><strong>Nadmo\u0159sk\u00e1 v\u00fd\u0161ka<\/strong>: 505<\/p>\n<\/div>\n\n\n\n<div class=\"wp-block-column is-layout-flow wp-block-column-is-layout-flow\">\n<p><strong>Po\u0161ta<\/strong>: ne<br><strong>Mate\u0159sk\u00e1 \u0161kola<\/strong>: ano<br><strong>Zdravotnictv\u00ed<\/strong>: ne<br><strong>Policie<\/strong>: ne<br><strong>Kanalizace<\/strong>: ne<br><strong>Vodovod<\/strong>: ano<br><strong>Plynofikace<\/strong>: ne<\/p>\n<\/div>\n<\/div>\n","protected":false},"excerpt":{"rendered":"<p>rok 2022 ZUJ: 547981Po\u010det obyvatel:&nbsp;432z toho mu\u017ei: 211 a&nbsp;\u017eeny: 221Pr\u016fm\u011brn\u00fd v\u011bk: 43,6 Po\u010det dom\u016f: 122Rozloha: 1007 haPoloha: 49\u00b055\u00b4 N \/ 16\u00b038\u00b4 ENadmo\u0159sk\u00e1 v\u00fd\u0161ka: 505 Po\u0161ta: neMate\u0159sk\u00e1 \u0161kola: anoZdravotnictv\u00ed: nePolicie: neKanalizace: neVodovod: anoPlynofikace: ne<\/p>\n","protected":false},"author":1,"featured_media":0,"parent":687,"menu_order":0,"comment_status":"closed","ping_status":"closed","template":"","meta":{"footnotes":""},"class_list":["post-1421","page","type-page","status-publish","hentry"],"publishpress_future_action":{"enabled":false,"date":"2026-05-19 13:00:06","action":"change-status","newStatus":"draft","terms":[],"taxonomy":""},"_links":{"self":[{"href":"https:\/\/ou-albrechtice.cz\/wp\/wp-json\/wp\/v2\/pages\/1421","targetHints":{"allow":["GET"]}}],"collection":[{"href":"https:\/\/ou-albrechtice.cz\/wp\/wp-json\/wp\/v2\/pages"}],"about":[{"href":"https:\/\/ou-albrechtice.cz\/wp\/wp-json\/wp\/v2\/types\/page"}],"author":[{"embeddable":true,"href":"https:\/\/ou-albrechtice.cz\/wp\/wp-json\/wp\/v2\/users\/1"}],"replies":[{"embeddable":true,"href":"https:\/\/ou-albrechtice.cz\/wp\/wp-json\/wp\/v2\/comments?post=1421"}],"version-history":[{"count":2,"href":"https:\/\/ou-albrechtice.cz\/wp\/wp-json\/wp\/v2\/pages\/1421\/revisions"}],"predecessor-version":[{"id":1758,"href":"https:\/\/ou-albrechtice.cz\/wp\/wp-json\/wp\/v2\/pages\/1421\/revisions\/1758"}],"up":[{"embeddable":true,"href":"https:\/\/ou-albrechtice.cz\/wp\/wp-json\/wp\/v2\/pages\/687"}],"wp:attachment":[{"href":"https:\/\/ou-albrechtice.cz\/wp\/wp-json\/wp\/v2\/media?parent=1421"}],"curies":[{"name":"wp","href":"https:\/\/api.w.org\/{rel}","templated":true}]}}